{"id":7,"date":"2025-05-26T13:42:16","date_gmt":"2025-05-26T11:42:16","guid":{"rendered":"http:\/\/delphinemilet.com\/?page_id=7"},"modified":"2025-05-26T17:02:12","modified_gmt":"2025-05-26T15:02:12","slug":"contact","status":"publish","type":"page","link":"https:\/\/delphinemilet.com\/index.php\/contact\/","title":{"rendered":"CV + BIO"},"content":{"rendered":"\n<figure class=\"wp-block-image size-large\"><img loading=\"lazy\" decoding=\"async\" width=\"683\" height=\"1024\" src=\"https:\/\/delphinemilet.com\/wp-content\/uploads\/2025\/05\/delphine-bio-683x1024.jpg\" alt=\"\" class=\"wp-image-51\" srcset=\"https:\/\/delphinemilet.com\/wp-content\/uploads\/2025\/05\/delphine-bio-683x1024.jpg 683w, https:\/\/delphinemilet.com\/wp-content\/uploads\/2025\/05\/delphine-bio-200x300.jpg 200w, https:\/\/delphinemilet.com\/wp-content\/uploads\/2025\/05\/delphine-bio-768x1152.jpg 768w, https:\/\/delphinemilet.com\/wp-content\/uploads\/2025\/05\/delphine-bio-1024x1536.jpg 1024w, https:\/\/delphinemilet.com\/wp-content\/uploads\/2025\/05\/delphine-bio-1365x2048.jpg 1365w, https:\/\/delphinemilet.com\/wp-content\/uploads\/2025\/05\/delphine-bio-1568x2352.jpg 1568w, https:\/\/delphinemilet.com\/wp-content\/uploads\/2025\/05\/delphine-bio-scaled.jpg 1707w\" sizes=\"auto, (max-width: 683px) 100vw, 683px\" \/><\/figure>\n\n\n\n<h2 class=\"wp-block-heading\">BIOGRAPHIE<\/h2>\n\n\n\n<p>Delphine Milet est une violoncelliste fran\u00e7aise \u00e0 la sensibilit\u00e9 plurielle, nourrie par un parcours d\u2019excellence et un go\u00fbt prononc\u00e9 pour la cr\u00e9ation. Elle d\u00e9couvre la musique d\u00e8s son plus jeune \u00e2ge par le piano, avant de se passionner pour le violoncelle au Conservatoire de Rouen, dans la classe d\u2019Odile Ma\u00ebs. Apr\u00e8s avoir obtenu son prix de violoncelle au Conservatoire de Bobigny en 2009, elle poursuit sa formation au CRR de Rueil-Malmaison aupr\u00e8s de Marie-Paule Milone, o\u00f9 elle re\u00e7oit \u00e9galement les conseils de grands ma\u00eetres comme Philippe Muller, Marc Coppey, Oph\u00e9lie Gaillard et Philippe Barry.<\/p>\n\n\n\n<p>R\u00e9compens\u00e9e par plusieurs distinctions (prix de virtuosit\u00e9, 1er prix de musique de chambre, prix d\u2019excellence au concours de Vulaines-sur-Seine), elle poursuit sa formation au CRR de Paris dans le cursus concertiste, tout en obtenant son Dipl\u00f4me National Sup\u00e9rieur Professionnel de Musicien (DNSPM) et son Dipl\u00f4me d&rsquo;\u00c9tat d\u2019enseignement du violoncelle au PESM Bourgogne.<\/p>\n\n\n\n<p>Delphine Milet se produit avec des ensembles prestigieux tels que l&rsquo;Orchestre National d&rsquo;\u00cele-de-France, l\u2019Op\u00e9ra de Dijon ou encore D\u00e9mos, et joue sur les plus belles sc\u00e8nes comme la Philharmonie de Paris, la salle Pleyel ou l\u2019Auditorium de Dijon. Curieuse et ouverte, elle explore \u00e9galement la musique traditionnelle sud-am\u00e9ricaine au sein du trio Yuma et travaille actuellement \u00e0 un projet de composition m\u00ealant voix et violoncelle, inspir\u00e9 par l\u2019univers celtique et sa rencontre avec la violoncelliste Natalie Haas.<\/p>\n\n\n\n<p>Engag\u00e9e dans la transmission, elle enseigne aujourd\u2019hui au sein des conservatoires de Gonesse et du Pecq. Elle joue un violoncelle fran\u00e7ais d\u2019Honor\u00e9 Derazey, prim\u00e9 \u00e0 l\u2019Exposition universelle de 1855.<\/p>\n\n\n\n<hr class=\"wp-block-separator has-alpha-channel-opacity\"\/>\n\n\n\n<h2 class=\"wp-block-heading\">CV MUSICAL<\/h2>\n\n\n\n<p><strong>Formation<\/strong><\/p>\n\n\n\n<ul class=\"wp-block-list\">\n<li>CRR de Rouen (violoncelle, piano)<\/li>\n\n\n\n<li>Prix de violoncelle \u2013 CRD de Bobigny (2009)<\/li>\n\n\n\n<li>CRR de Rueil-Malmaison \u2013 Classe de Marie-Paule Milone<\/li>\n\n\n\n<li>DNSPM et Dipl\u00f4me d\u2019\u00c9tat d\u2019enseignement \u2013 PESM Bourgogne (2015)<\/li>\n\n\n\n<li>Cursus concertiste \u2013 CRR de Paris<\/li>\n<\/ul>\n\n\n\n<p><strong>Ma\u00eetres et influences<\/strong><\/p>\n\n\n\n<ul class=\"wp-block-list\">\n<li>Philippe Barry, Marc Coppey, Oph\u00e9lie Gaillard, Philippe Muller<\/li>\n\n\n\n<li>Julio Arguedas (musique sud-am\u00e9ricaine, groupe Boliviamanta)<\/li>\n\n\n\n<li>Natalie Haas (musique celtique)<\/li>\n<\/ul>\n\n\n\n<p><strong>Prix et distinctions<\/strong><\/p>\n\n\n\n<ul class=\"wp-block-list\">\n<li>Prix de virtuosit\u00e9 \u2013 CRR de Rueil-Malmaison<\/li>\n\n\n\n<li>1er prix de musique de chambre \u2013 CRR de Rueil-Malmaison<\/li>\n\n\n\n<li>1er prix d\u2019excellence \u2013 Concours de Vulaines-sur-Seine<\/li>\n\n\n\n<li>1er prix d\u2019excellence \u2013 Interpr\u00e9tation de Grieg &amp; Debussy (2012)<\/li>\n<\/ul>\n\n\n\n<p><strong>Enseignement<\/strong><\/p>\n\n\n\n<ul class=\"wp-block-list\">\n<li>Professeure de violoncelle \u2013 Conservatoires de Gonesse et du Pecq<\/li>\n\n\n\n<li>Intervenante dans le cadre du projet D\u00e9mos (Philharmonie de Paris)<\/li>\n<\/ul>\n\n\n\n<p><strong>Concerts et collaborations<\/strong><\/p>\n\n\n\n<ul class=\"wp-block-list\">\n<li>Orchestre National d\u2019\u00cele-de-France<\/li>\n\n\n\n<li>Op\u00e9ra de Dijon Bourgogne<\/li>\n\n\n\n<li>Sc\u00e8nes : Philharmonie de Paris, Salle Pleyel, Auditorium de Dijon, Palais des Ducs<\/li>\n\n\n\n<li>Trio Yuma (folklore andin)<\/li>\n\n\n\n<li>Projets actuels : composition voix\/violoncelle, musique celtique<\/li>\n<\/ul>\n\n\n\n<p><strong>Instrument<\/strong><\/p>\n\n\n\n<ul class=\"wp-block-list\">\n<li>Violoncelle fran\u00e7ais Honor\u00e9 Derazey \u2013 Exposition universelle de 1855<\/li>\n<\/ul>\n\n\n\n<hr class=\"wp-block-separator has-alpha-channel-opacity\"\/>\n\n\n\n<p><\/p>\n","protected":false},"excerpt":{"rendered":"<p>BIOGRAPHIE Delphine Milet est une violoncelliste fran\u00e7aise \u00e0 la sensibilit\u00e9 plurielle, nourrie par un parcours d\u2019excellence et un go\u00fbt prononc\u00e9 pour la cr\u00e9ation. Elle d\u00e9couvre la musique d\u00e8s son plus jeune \u00e2ge par le piano, avant de se passionner pour le violoncelle au Conservatoire de Rouen, dans la classe d\u2019Odile Ma\u00ebs. Apr\u00e8s avoir obtenu son&hellip; <a class=\"more-link\" href=\"https:\/\/delphinemilet.com\/index.php\/contact\/\">Poursuivre la lecture <span class=\"screen-reader-text\">CV + BIO<\/span><\/a><\/p>\n","protected":false},"author":1,"featured_media":0,"parent":0,"menu_order":0,"comment_status":"closed","ping_status":"closed","template":"","meta":{"footnotes":""},"class_list":["post-7","page","type-page","status-publish","hentry","entry"],"_links":{"self":[{"href":"https:\/\/delphinemilet.com\/index.php\/wp-json\/wp\/v2\/pages\/7","targetHints":{"allow":["GET"]}}],"collection":[{"href":"https:\/\/delphinemilet.com\/index.php\/wp-json\/wp\/v2\/pages"}],"about":[{"href":"https:\/\/delphinemilet.com\/index.php\/wp-json\/wp\/v2\/types\/page"}],"author":[{"embeddable":true,"href":"https:\/\/delphinemilet.com\/index.php\/wp-json\/wp\/v2\/users\/1"}],"replies":[{"embeddable":true,"href":"https:\/\/delphinemilet.com\/index.php\/wp-json\/wp\/v2\/comments?post=7"}],"version-history":[{"count":6,"href":"https:\/\/delphinemilet.com\/index.php\/wp-json\/wp\/v2\/pages\/7\/revisions"}],"predecessor-version":[{"id":52,"href":"https:\/\/delphinemilet.com\/index.php\/wp-json\/wp\/v2\/pages\/7\/revisions\/52"}],"wp:attachment":[{"href":"https:\/\/delphinemilet.com\/index.php\/wp-json\/wp\/v2\/media?parent=7"}],"curies":[{"name":"wp","href":"https:\/\/api.w.org\/{rel}","templated":true}]}}