{"id":29,"date":"2025-05-26T14:08:36","date_gmt":"2025-05-26T12:08:36","guid":{"rendered":"http:\/\/delphinemilet.com\/?page_id=29"},"modified":"2025-05-26T17:25:56","modified_gmt":"2025-05-26T15:25:56","slug":"accueil","status":"publish","type":"page","link":"https:\/\/delphinemilet.com\/","title":{"rendered":"Accueil"},"content":{"rendered":"\n<figure class=\"wp-block-image size-large\"><img loading=\"lazy\" decoding=\"async\" width=\"1024\" height=\"683\" src=\"http:\/\/delphinemilet.com\/wp-content\/uploads\/2025\/05\/IMG_8553-1024x683.jpg\" alt=\"\" class=\"wp-image-33\" srcset=\"https:\/\/delphinemilet.com\/wp-content\/uploads\/2025\/05\/IMG_8553-1024x683.jpg 1024w, https:\/\/delphinemilet.com\/wp-content\/uploads\/2025\/05\/IMG_8553-300x200.jpg 300w, https:\/\/delphinemilet.com\/wp-content\/uploads\/2025\/05\/IMG_8553-768x512.jpg 768w, https:\/\/delphinemilet.com\/wp-content\/uploads\/2025\/05\/IMG_8553-1536x1024.jpg 1536w, https:\/\/delphinemilet.com\/wp-content\/uploads\/2025\/05\/IMG_8553-2048x1365.jpg 2048w, https:\/\/delphinemilet.com\/wp-content\/uploads\/2025\/05\/IMG_8553-1568x1045.jpg 1568w\" sizes=\"auto, (max-width: 1024px) 100vw, 1024px\" \/><\/figure>\n\n\n\n<h2 class=\"wp-block-heading\"><strong>Violoncelliste, Interpr\u00e8te &amp; Cr\u00e9atrice<\/strong><\/h2>\n\n\n\n<p><br>Je suis Delphine Milet, violoncelliste passionn\u00e9e par la richesse du r\u00e9pertoire classique autant que par les sonorit\u00e9s venues d\u2019ailleurs. De Bach \u00e0 la musique andine, du concerto romantique \u00e0 mes compositions voix et violoncelle, je vous invite \u00e0 explorer mon univers musical.<\/p>\n\n\n\n<p>Form\u00e9e dans les plus grands conservatoires fran\u00e7ais, j\u2019ai eu la chance de jouer sur des sc\u00e8nes prestigieuses comme la Philharmonie de Paris, la Salle Pleyel ou l\u2019Auditorium de Dijon, avec l\u2019Orchestre National d\u2019\u00cele-de-France ou l\u2019Op\u00e9ra de Dijon. Mais c\u2019est aussi dans les projets plus intimes, les musiques du monde, la transmission et la cr\u00e9ation que je trouve mon \u00e9quilibre d\u2019artiste.<\/p>\n\n\n\n<p>Sur ce site, vous trouverez :<\/p>\n\n\n\n<p><a class=\"\" href=\"#\"><strong>Des extraits vid\u00e9o et audio<\/strong><\/a><\/p>\n\n\n\n<p><a href=\"https:\/\/delphinemilet.com\/index.php\/contact\/\" data-type=\"page\" data-id=\"7\"><strong>Ma biographie et mon parcours<\/strong><\/a><\/p>\n\n\n\n<p><a class=\"\" href=\"#\"><strong>Mes projets artistiques<\/strong><\/a> : trio Yuma, cr\u00e9ations autour de la musique celtique et sud-am\u00e9ricaine<\/p>\n\n\n\n<p><a class=\"\" href=\"#\"><strong>Les dates de concerts \u00e0 venir<\/strong><\/a><\/p>\n\n\n\n<p><a class=\"\" href=\"#\"><strong>Mon activit\u00e9 p\u00e9dagogique<\/strong><\/a><\/p>\n","protected":false},"excerpt":{"rendered":"<p>Violoncelliste, Interpr\u00e8te &amp; Cr\u00e9atrice Je suis Delphine Milet, violoncelliste passionn\u00e9e par la richesse du r\u00e9pertoire classique autant que par les sonorit\u00e9s venues d\u2019ailleurs. De Bach \u00e0 la musique andine, du concerto romantique \u00e0 mes compositions voix et violoncelle, je vous invite \u00e0 explorer mon univers musical. Form\u00e9e dans les plus grands conservatoires fran\u00e7ais, j\u2019ai eu&hellip; <a class=\"more-link\" href=\"https:\/\/delphinemilet.com\/\">Poursuivre la lecture <span class=\"screen-reader-text\">Accueil<\/span><\/a><\/p>\n","protected":false},"author":1,"featured_media":0,"parent":0,"menu_order":0,"comment_status":"closed","ping_status":"closed","template":"","meta":{"footnotes":""},"class_list":["post-29","page","type-page","status-publish","hentry","entry"],"_links":{"self":[{"href":"https:\/\/delphinemilet.com\/index.php\/wp-json\/wp\/v2\/pages\/29","targetHints":{"allow":["GET"]}}],"collection":[{"href":"https:\/\/delphinemilet.com\/index.php\/wp-json\/wp\/v2\/pages"}],"about":[{"href":"https:\/\/delphinemilet.com\/index.php\/wp-json\/wp\/v2\/types\/page"}],"author":[{"embeddable":true,"href":"https:\/\/delphinemilet.com\/index.php\/wp-json\/wp\/v2\/users\/1"}],"replies":[{"embeddable":true,"href":"https:\/\/delphinemilet.com\/index.php\/wp-json\/wp\/v2\/comments?post=29"}],"version-history":[{"count":5,"href":"https:\/\/delphinemilet.com\/index.php\/wp-json\/wp\/v2\/pages\/29\/revisions"}],"predecessor-version":[{"id":62,"href":"https:\/\/delphinemilet.com\/index.php\/wp-json\/wp\/v2\/pages\/29\/revisions\/62"}],"wp:attachment":[{"href":"https:\/\/delphinemilet.com\/index.php\/wp-json\/wp\/v2\/media?parent=29"}],"curies":[{"name":"wp","href":"https:\/\/api.w.org\/{rel}","templated":true}]}}